{"id":2598,"date":"2024-09-22T18:10:28","date_gmt":"2024-09-22T16:10:28","guid":{"rendered":"https:\/\/www.obernussdorf.sk\/?page_id=2598"},"modified":"2024-10-01T00:01:56","modified_gmt":"2024-09-30T22:01:56","slug":"ludia","status":"publish","type":"page","link":"https:\/\/www.obernussdorf.sk\/en\/o-nas\/ludia\/","title":{"rendered":"Na\u0161i \u013eudia"},"content":{"rendered":"<p style=\"font-size:1.2em\">Sme t\u00edm profesion\u00e1lov a&nbsp;zanieten\u00fdch amat\u00e9rov v&nbsp;oblastiach \u017eivotn\u00e9ho prostredia, ovocin\u00e1rstva, lok\u00e1lnej hist\u00f3rie, umenia a&nbsp;\u013eudovej kult\u00fary. V\u0161etky na\u0161e aktivity smeruj\u00fa k z\u00e1chrane a&nbsp;obnove pr\u00edrodn\u00e9ho a&nbsp;kult\u00farneho dedi\u010dstva pre s\u00fa\u010dasnos\u0165 a&nbsp;bud\u00face gener\u00e1cie.<\/p>\n\n\n\n<div style=\"height:var(--wp--preset--spacing--40)\" aria-hidden=\"true\" class=\"wp-block-spacer\"><\/div>\n\n\n\n<h2 class=\"wp-block-heading\">Pridaj sa k&nbsp;n\u00e1m<\/h2>\n\n\n\n<p>Z\u00e1le\u017e\u00ed Ti na kult\u00farnom a&nbsp;pr\u00edrodnom dedi\u010dstve, \u010di z\u00e1chrane star\u00fdch ovocn\u00fdch stromov? Nedok\u00e1\u017ee\u0161 sedie\u0165 so zalo\u017een\u00fdmi rukami? Chce\u0161 vyu\u017ei\u0165 svoj vo\u013en\u00fd \u010das zmysluplne? V tom pr\u00edpade \u0165a medzi sebou radi uv\u00edtame. Je len na tebe, ako sa chce\u0161 realizova\u0165.<\/p>\n\n\n\n<p>\u010clenstvo vekovo neobmedzujeme.<\/p>\n\n\n\n<div style=\"height:var(--wp--preset--spacing--40)\" aria-hidden=\"true\" class=\"wp-block-spacer\"><\/div>","protected":false},"excerpt":{"rendered":"<p>Sme t\u00edm profesion\u00e1lov a&nbsp;zanieten\u00fdch amat\u00e9rov v&nbsp;oblastiach \u017eivotn\u00e9ho prostredia, ovocin\u00e1rstva, lok\u00e1lnej hist\u00f3rie, umenia a&nbsp;\u013eudovej kult\u00fary. V\u0161etky na\u0161e aktivity smeruj\u00fa k z\u00e1chrane a&nbsp;obnove pr\u00edrodn\u00e9ho a&nbsp;kult\u00farneho dedi\u010dstva pre s\u00fa\u010dasnos\u0165 a&nbsp;bud\u00face gener\u00e1cie. Pridaj sa k&nbsp;n\u00e1m Z\u00e1le\u017e\u00ed Ti na kult\u00farnom a&nbsp;pr\u00edrodnom dedi\u010dstve, \u010di z\u00e1chrane star\u00fdch ovocn\u00fdch stromov? Nedok\u00e1\u017ee\u0161 sedie\u0165 so zalo\u017een\u00fdmi rukami? Chce\u0161 vyu\u017ei\u0165 svoj vo\u013en\u00fd \u010das zmysluplne? V tom [&hellip;]<\/p>\n","protected":false},"author":1,"featured_media":0,"parent":2596,"menu_order":6,"comment_status":"closed","ping_status":"closed","template":"","meta":{"inline_featured_image":false,"footnotes":""},"class_list":["post-2598","page","type-page","status-publish","hentry"],"_links":{"self":[{"href":"https:\/\/www.obernussdorf.sk\/en\/wp-json\/wp\/v2\/pages\/2598","targetHints":{"allow":["GET"]}}],"collection":[{"href":"https:\/\/www.obernussdorf.sk\/en\/wp-json\/wp\/v2\/pages"}],"about":[{"href":"https:\/\/www.obernussdorf.sk\/en\/wp-json\/wp\/v2\/types\/page"}],"author":[{"embeddable":true,"href":"https:\/\/www.obernussdorf.sk\/en\/wp-json\/wp\/v2\/users\/1"}],"replies":[{"embeddable":true,"href":"https:\/\/www.obernussdorf.sk\/en\/wp-json\/wp\/v2\/comments?post=2598"}],"version-history":[{"count":8,"href":"https:\/\/www.obernussdorf.sk\/en\/wp-json\/wp\/v2\/pages\/2598\/revisions"}],"predecessor-version":[{"id":2936,"href":"https:\/\/www.obernussdorf.sk\/en\/wp-json\/wp\/v2\/pages\/2598\/revisions\/2936"}],"up":[{"embeddable":true,"href":"https:\/\/www.obernussdorf.sk\/en\/wp-json\/wp\/v2\/pages\/2596"}],"wp:attachment":[{"href":"https:\/\/www.obernussdorf.sk\/en\/wp-json\/wp\/v2\/media?parent=2598"}],"curies":[{"name":"wp","href":"https:\/\/api.w.org\/{rel}","templated":true}]}}